{"id":559,"date":"2022-04-07T09:22:00","date_gmt":"2022-04-07T07:22:00","guid":{"rendered":"http:\/\/monestrol.fr\/?page_id=559"},"modified":"2022-04-07T10:05:56","modified_gmt":"2022-04-07T08:05:56","slug":"bons-plans","status":"publish","type":"page","link":"http:\/\/monestrol.fr\/?page_id=559","title":{"rendered":"Bons Plans"},"content":{"rendered":"<div class=\"wplp_outside wplp_widget_568\" style=\"max-width:100%;\"><span class=\"wpcu_block_title\">Les bons plans<\/span><div id=\"wplp_widget_568\" class=\"wplp_widget_default wplp_container vertical defaultflexslide default cols1\" data-post=\"568\" style=\"\" data-max-elts=\"100\"><ul class=\"wplp_listposts defaultflexslide\" id=\"default_568\" style=\"width: 100%;\" ><li class=\"parent \" style=\"\"><div class=\"insideframe\"><ul style=\"\"><li class=\"\" style=\"width:100%;box-sizing: border-box;-moz-box-sizing: border-box;\"><div class=\"insideframe\"><div id=\"wplp_box_top_568_570\" class=\"wpcu-front-box top \" ><a href=\"http:\/\/monestrol.fr\/?p=570\" ><\/a><\/div><div id=\"wplp_box_left_568_570\" class=\"wpcu-front-box left wpcu-custom-position\" style=\"width: 70%\"><a href=\"http:\/\/monestrol.fr\/?p=570\" ><span class=\"title\">Projet Local de Photovolta\u00efque<\/span><span class=\"date\">7 April 2022<\/span><span class=\"text\"><span style=\"max-height:2.8em\" class=\"line_limit\">Une initiative locale pour la production d&#8217;\u00e9nergie photovolta\u00efque gr\u00e2ce \u00e0 la SCIC Alternatives Durables Nailloux (A.D.N.) \u00e0 d\u00e9couvrir gr\u00e2ce au flyer....<\/span><\/span><span class=\"custom_fields\">\n<!-- WPLP Unknown field: Custom_Fields -->\n<\/span><\/a><\/div><div id=\"wplp_box_right_568_570\" class=\"wpcu-front-box right wpcu-custom-position\" style=\"width: 30%\"><a href=\"http:\/\/monestrol.fr\/?p=570\" ><span class=\"thumbnail\"><span class=\"img_cropper\" style=\"margin-right:4px;margin-bottom:4px;max-width:100%;\"><img src=\"http:\/\/monestrol.fr\/wp-content\/uploads\/2022\/04\/a05968047f_50153501_offre-energie-verte.jpg\" style=\"\" srcset=\"http:\/\/monestrol.fr\/wp-content\/uploads\/2022\/04\/a05968047f_50153501_offre-energie-verte.jpg 1024w, http:\/\/monestrol.fr\/wp-content\/uploads\/2022\/04\/a05968047f_50153501_offre-energie-verte-300x168.jpg 300w, http:\/\/monestrol.fr\/wp-content\/uploads\/2022\/04\/a05968047f_50153501_offre-energie-verte-768x430.jpg 768w\" alt=\"Projet Local de Photovolta\u00efque\" class=\"wplp_thumb\" \/><\/span><\/span><\/a><\/div><div id=\"wplp_box_bottom_568_570\" class=\"wpcu-front-box bottom \" ><a href=\"http:\/\/monestrol.fr\/?p=570\" ><\/a><\/div><\/div><\/li><li class=\"\" style=\"width:100%;box-sizing: border-box;-moz-box-sizing: border-box;\"><div class=\"insideframe\"><div id=\"wplp_box_top_568_565\" class=\"wpcu-front-box top \" ><a href=\"http:\/\/monestrol.fr\/?p=565\" ><\/a><\/div><div id=\"wplp_box_left_568_565\" class=\"wpcu-front-box left wpcu-custom-position\" style=\"width: 70%\"><a href=\"http:\/\/monestrol.fr\/?p=565\" ><span class=\"title\">Un m\u00e9canicien \u00e0 domicile<\/span><span class=\"date\">7 April 2022<\/span><span class=\"text\"><span style=\"max-height:2.8em\" class=\"line_limit\">Vous cherchez \u00e0 faire entretenir ou r\u00e9parer votre mat\u00e9riel de motoculture \/ tondeuses autoport\u00e9es. Dorian se d\u00e9place \u00e0 domicile. Il est d\u00e9j\u00e0 r\u00e9guli\u00e8rement sur Monestrol. N&#8217;h\u00e9sitez pas \u00e0 le contacter en passant par sa page web....<\/span><\/span><span class=\"custom_fields\">\n<!-- WPLP Unknown field: Custom_Fields -->\n<\/span><\/a><\/div><div id=\"wplp_box_right_568_565\" class=\"wpcu-front-box right wpcu-custom-position\" style=\"width: 30%\"><a href=\"http:\/\/monestrol.fr\/?p=565\" ><span class=\"thumbnail\"><span class=\"img_cropper\" style=\"margin-right:4px;margin-bottom:4px;max-width:100%;\"><img src=\"http:\/\/monestrol.fr\/wp-content\/uploads\/2022\/04\/main-post-honda.jpg\" style=\"\" srcset=\"http:\/\/monestrol.fr\/wp-content\/uploads\/2022\/04\/main-post-honda.jpg 1920w, http:\/\/monestrol.fr\/wp-content\/uploads\/2022\/04\/main-post-honda-300x117.jpg 300w, http:\/\/monestrol.fr\/wp-content\/uploads\/2022\/04\/main-post-honda-1024x400.jpg 1024w, http:\/\/monestrol.fr\/wp-content\/uploads\/2022\/04\/main-post-honda-768x300.jpg 768w, http:\/\/monestrol.fr\/wp-content\/uploads\/2022\/04\/main-post-honda-1536x600.jpg 1536w\" alt=\"Un m\u00e9canicien \u00e0 domicile\" class=\"wplp_thumb\" \/><\/span><\/span><\/a><\/div><div id=\"wplp_box_bottom_568_565\" class=\"wpcu-front-box bottom \" ><a href=\"http:\/\/monestrol.fr\/?p=565\" ><\/a><\/div><\/div><\/li><\/ul><\/div><\/li><\/ul><\/div><\/div>\n","protected":false},"excerpt":{"rendered":"","protected":false},"author":1,"featured_media":143,"parent":0,"menu_order":0,"comment_status":"closed","ping_status":"closed","template":"","meta":[],"_links":{"self":[{"href":"http:\/\/monestrol.fr\/index.php?rest_route=\/wp\/v2\/pages\/559"}],"collection":[{"href":"http:\/\/monestrol.fr\/index.php?rest_route=\/wp\/v2\/pages"}],"about":[{"href":"http:\/\/monestrol.fr\/index.php?rest_route=\/wp\/v2\/types\/page"}],"author":[{"embeddable":true,"href":"http:\/\/monestrol.fr\/index.php?rest_route=\/wp\/v2\/users\/1"}],"replies":[{"embeddable":true,"href":"http:\/\/monestrol.fr\/index.php?rest_route=%2Fwp%2Fv2%2Fcomments&post=559"}],"version-history":[{"count":3,"href":"http:\/\/monestrol.fr\/index.php?rest_route=\/wp\/v2\/pages\/559\/revisions"}],"predecessor-version":[{"id":569,"href":"http:\/\/monestrol.fr\/index.php?rest_route=\/wp\/v2\/pages\/559\/revisions\/569"}],"wp:featuredmedia":[{"embeddable":true,"href":"http:\/\/monestrol.fr\/index.php?rest_route=\/wp\/v2\/media\/143"}],"wp:attachment":[{"href":"http:\/\/monestrol.fr\/index.php?rest_route=%2Fwp%2Fv2%2Fmedia&parent=559"}],"curies":[{"name":"wp","href":"https:\/\/api.w.org\/{rel}","templated":true}]}}