{"id":68,"date":"2020-03-23T21:58:20","date_gmt":"2020-03-23T20:58:20","guid":{"rendered":"http:\/\/monestrol.fr\/?page_id=68"},"modified":"2020-08-16T22:02:39","modified_gmt":"2020-08-16T20:02:39","slug":"informations","status":"publish","type":"page","link":"http:\/\/monestrol.fr\/?page_id=68","title":{"rendered":"Informations Pratiques"},"content":{"rendered":"\n<blockquote class=\"wp-block-quote\"><p>La gestion des d\u00e9chets est l&#8217;affaire de tous ! Par nos petits gestes du quotidien nous \u0153uvrons \u00e0 une meilleure prise en charge de nos ordures et \u00e0 leur recyclage. <\/p><p>Agir n&#8217;a jamais \u00e9t\u00e9 aussi simple ! <\/p><p><a rel=\"noreferrer noopener\" href=\"http:\/\/monestrol.fr\/wp-content\/uploads\/2020\/08\/20200810-Guide-du-tri-MONESTROL-1.pdf\" target=\"_blank\">Un m\u00e9mo<\/a> est disponible pour vous rappeler les bons gestes et les diff\u00e9rents moyens de collecte.<\/p><cite>La mairie de Monestrol<\/cite><\/blockquote>\n\n\n<h3>Collecte des d\u00e9chets m\u00e9nagers<\/h3>\n<p>Les d\u00e9chets m\u00e9nagers sont \u00e0 d\u00e9poser emball\u00e9s dans des sacs pr\u00e9vus \u00e0 cet effet dans les <strong>containers verts<\/strong> pr\u00e9sents \u00e0 divers endroits sur le territoire communal. Le ramassage est assur\u00e9 par Terres du Lauragais <strong>le vendredi de chaque semaine<\/strong>.<\/p>\n<h3>Collecte du tri-s\u00e9lectif<\/h3>\n<p>Les emballages \u00e9ligibles au tri-s\u00e9lectif sont \u00e0 d\u00e9poser dans les <strong>containers jaunes<\/strong> sans les avoir mis dans un sac. Le ramassage est assur\u00e9 par Terres du Lauragais <strong>le jeudi de chaque semaine<\/strong>.<\/p>\n<p><a href=\"http:\/\/www.terres-du-lauragais.fr\/_plugins\/flipbook\/terresdulauragais2\/_attachments-flipbook\/teom-article-7-3\/Dechets_ConsignesTRI(1).pdf\/_contents\/ametys-internal%253Asites\/terresdulauragais2\/ametys-internal%253Acontents\/teom-article-7-3\/ametys-internal%253Aattachments\/Dechets_ConsignesTRI(1).pdf\/book.html\" target=\"_blank\" rel=\"noopener noreferrer\">Vous trouverez ici les consignes de tri Terres du Lauragais.<\/a><\/p>\n<h3>La d\u00e9chetterie<\/h3>\n<p>La d\u00e9chetterie la plus proche est situ\u00e9e <a href=\"https:\/\/www.google.fr\/maps\/place\/D%C3%A9chetterie\/@43.3397788,1.6073932,16z\" target=\"_blank\" rel=\"noopener noreferrer\">sur la commune de Montgeard<\/a>. Elle est g\u00e9r\u00e9e par Terres du Lauragais.<\/p>\n<p><strong>Horaires d&#8217;ouverture :<\/strong> Mardi \/ Mercredi \/ Vendredi \/ Samedi 9h00 -12h00 et de 14h00 -18h00<\/p>\n<h3>D\u00e9p\u00f4t du verre<\/h3>\n<p>Un container \u00e0 verre est \u00e0 disposition au village (entre la mairie et la cabane \u00e0 la sortie du village vers Montgeard).<\/p>\n<h3>D\u00e9p\u00f4t des piles usag\u00e9es<\/h3>\n<p>Une borne de r\u00e9cup\u00e9ration des piles usag\u00e9es est disponible dans l&#8217;entr\u00e9e des toilettes publiques derri\u00e8re la mairie.<\/p>\n<p><img loading=\"lazy\" class=\"size-medium wp-image-410 aligncenter\" src=\"http:\/\/monestrol.fr\/wp-content\/uploads\/2020\/08\/2020-08-06-10.42.03-189x300.jpg\" alt=\"\" width=\"189\" height=\"300\" srcset=\"http:\/\/monestrol.fr\/wp-content\/uploads\/2020\/08\/2020-08-06-10.42.03-189x300.jpg 189w, http:\/\/monestrol.fr\/wp-content\/uploads\/2020\/08\/2020-08-06-10.42.03-644x1024.jpg 644w, http:\/\/monestrol.fr\/wp-content\/uploads\/2020\/08\/2020-08-06-10.42.03-768x1221.jpg 768w, http:\/\/monestrol.fr\/wp-content\/uploads\/2020\/08\/2020-08-06-10.42.03-966x1536.jpg 966w, http:\/\/monestrol.fr\/wp-content\/uploads\/2020\/08\/2020-08-06-10.42.03-1288x2048.jpg 1288w, http:\/\/monestrol.fr\/wp-content\/uploads\/2020\/08\/2020-08-06-10.42.03-rotated.jpg 1560w\" sizes=\"(max-width: 189px) 100vw, 189px\" \/><\/p>\n<h3>Compostage<\/h3>\n<p>Une <a href=\"http:\/\/www.terres-du-lauragais.fr\/fr\/environnement\/gestion-des-dechets\/compostage.html\" target=\"_blank\" rel=\"noopener noreferrer\">section du site de Terres du Lauragais<\/a> est consacr\u00e9e au sujet et vous explique notamment comment obtenir un composteur.<\/p>\n<p>Vous trouverez toutes informations utiles ainsi que le r\u00e8glement de la d\u00e9chetterie sur la page d\u00e9di\u00e9e du <a href=\"http:\/\/www.terres-du-lauragais.fr\/fr\/environnement\/gestion-des-dechets.html\" target=\"_blank\" rel=\"noopener noreferrer\">site de\u00a0Terres du Lauragais<\/a>.<\/p>\n\n\n<p><\/p>\n","protected":false},"excerpt":{"rendered":"<p>La gestion des d\u00e9chets est l&#8217;affaire de tous ! Par nos petits gestes du quotidien nous \u0153uvrons \u00e0 une meilleure prise en charge de nos ordures et \u00e0 leur recyclage.&hellip;<\/p>\n","protected":false},"author":1,"featured_media":145,"parent":0,"menu_order":0,"comment_status":"closed","ping_status":"closed","template":"","meta":[],"_links":{"self":[{"href":"http:\/\/monestrol.fr\/index.php?rest_route=\/wp\/v2\/pages\/68"}],"collection":[{"href":"http:\/\/monestrol.fr\/index.php?rest_route=\/wp\/v2\/pages"}],"about":[{"href":"http:\/\/monestrol.fr\/index.php?rest_route=\/wp\/v2\/types\/page"}],"author":[{"embeddable":true,"href":"http:\/\/monestrol.fr\/index.php?rest_route=\/wp\/v2\/users\/1"}],"replies":[{"embeddable":true,"href":"http:\/\/monestrol.fr\/index.php?rest_route=%2Fwp%2Fv2%2Fcomments&post=68"}],"version-history":[{"count":22,"href":"http:\/\/monestrol.fr\/index.php?rest_route=\/wp\/v2\/pages\/68\/revisions"}],"predecessor-version":[{"id":414,"href":"http:\/\/monestrol.fr\/index.php?rest_route=\/wp\/v2\/pages\/68\/revisions\/414"}],"wp:featuredmedia":[{"embeddable":true,"href":"http:\/\/monestrol.fr\/index.php?rest_route=\/wp\/v2\/media\/145"}],"wp:attachment":[{"href":"http:\/\/monestrol.fr\/index.php?rest_route=%2Fwp%2Fv2%2Fmedia&parent=68"}],"curies":[{"name":"wp","href":"https:\/\/api.w.org\/{rel}","templated":true}]}}