{"id":76,"date":"2020-03-24T10:11:52","date_gmt":"2020-03-24T09:11:52","guid":{"rendered":"http:\/\/monestrol.fr\/?page_id=76"},"modified":"2020-05-10T08:27:39","modified_gmt":"2020-05-10T06:27:39","slug":"formulaire-de-contact","status":"publish","type":"page","link":"http:\/\/monestrol.fr\/?page_id=76","title":{"rendered":"Nous contacter"},"content":{"rendered":"<p>La mairie est ouverte les lundi et jeudi matin de 9h \u00e0 12h. <span style=\"color: #ff0000;\"><strong>Il est actuellement obligatoire de prendre rendez-vous<\/strong><\/span> en remplissant le formulaire ci-dessous ou en contact la mairie ou les \u00e9lus par t\u00e9l\u00e9phone.<\/p>\n<p>Lors de votre venue en mairie, il vous sera propos\u00e9 une d\u00e9sinfection des mains ainsi qu&#8217;un masque de protection.<\/p>\n<p>Le secr\u00e9tariat est joignable au\u00a0<span class=\"custom\">05 62 71 19 38.<\/span><\/p>\n<div class=\"site-social\">\n<div class=\"site-social-footer\">\u00a0<\/div>\n<\/div>\n\n\n<div class=\"wpforms-container wpforms-container-full\" id=\"wpforms-75\"><form id=\"wpforms-form-75\" class=\"wpforms-validate wpforms-form\" data-formid=\"75\" method=\"post\" enctype=\"multipart\/form-data\" action=\"\/index.php?rest_route=%2Fwp%2Fv2%2Fpages%2F76\"><noscript class=\"wpforms-error-noscript\">Please enable JavaScript in your browser to complete this form.<\/noscript><div class=\"wpforms-field-container\"><div id=\"wpforms-75-field_0-container\" class=\"wpforms-field wpforms-field-name\" data-field-id=\"0\"><label class=\"wpforms-field-label\" for=\"wpforms-75-field_0\">Nom <span class=\"wpforms-required-label\">*<\/span><\/label><div class=\"wpforms-field-row wpforms-field-medium\"><div class=\"wpforms-field-row-block wpforms-first wpforms-one-half\"><input type=\"text\" id=\"wpforms-75-field_0\" class=\"wpforms-field-name-first wpforms-field-required\" name=\"wpforms[fields][0][first]\" required><label for=\"wpforms-75-field_0\" class=\"wpforms-field-sublabel after \">First<\/label><\/div><div class=\"wpforms-field-row-block wpforms-one-half\"><input type=\"text\" id=\"wpforms-75-field_0-last\" class=\"wpforms-field-name-last wpforms-field-required\" name=\"wpforms[fields][0][last]\" required><label for=\"wpforms-75-field_0-last\" class=\"wpforms-field-sublabel after \">Last<\/label><\/div><\/div><\/div><div id=\"wpforms-75-field_1-container\" class=\"wpforms-field wpforms-field-email\" data-field-id=\"1\"><label class=\"wpforms-field-label\" for=\"wpforms-75-field_1\">E-mail <span class=\"wpforms-required-label\">*<\/span><\/label><input type=\"email\" id=\"wpforms-75-field_1\" class=\"wpforms-field-medium wpforms-field-required\" name=\"wpforms[fields][1]\" required><\/div><div id=\"wpforms-75-field_3-container\" class=\"wpforms-field wpforms-field-text\" data-field-id=\"3\"><label class=\"wpforms-field-label\" for=\"wpforms-75-field_3\">Num\u00e9ro de T\u00e9l\u00e9phone<\/label><input type=\"text\" id=\"wpforms-75-field_3\" class=\"wpforms-field-medium\" name=\"wpforms[fields][3]\" ><\/div><div id=\"wpforms-75-field_2-container\" class=\"wpforms-field wpforms-field-textarea\" data-field-id=\"2\"><label class=\"wpforms-field-label\" for=\"wpforms-75-field_2\">Message <span class=\"wpforms-required-label\">*<\/span><\/label><textarea id=\"wpforms-75-field_2\" class=\"wpforms-field-medium wpforms-field-required\" name=\"wpforms[fields][2]\" required><\/textarea><\/div><\/div><div class=\"wpforms-field wpforms-field-hp\"><label for=\"wpforms-75-field-hp\" class=\"wpforms-field-label\">Website<\/label><input type=\"text\" name=\"wpforms[hp]\" id=\"wpforms-75-field-hp\" class=\"wpforms-field-medium\"><\/div><div class=\"wpforms-submit-container\" ><input type=\"hidden\" name=\"wpforms[id]\" value=\"75\"><input type=\"hidden\" name=\"wpforms[author]\" value=\"1\"><button type=\"submit\" name=\"wpforms[submit]\" class=\"wpforms-submit \" id=\"wpforms-submit-75\" value=\"wpforms-submit\" aria-live=\"assertive\" data-alt-text=\"Envoi...\" data-submit-text=\"Envoyer\">Envoyer<\/button><\/div><\/form><\/div>  <!-- .wpforms-container --><div><\/div>\n","protected":false},"excerpt":{"rendered":"<p>La mairie est ouverte les lundi et jeudi matin de 9h \u00e0 12h. Il est actuellement obligatoire de prendre rendez-vous en remplissant le formulaire ci-dessous ou en contact la mairie&hellip;<\/p>\n","protected":false},"author":1,"featured_media":159,"parent":68,"menu_order":0,"comment_status":"closed","ping_status":"closed","template":"","meta":[],"_links":{"self":[{"href":"http:\/\/monestrol.fr\/index.php?rest_route=\/wp\/v2\/pages\/76"}],"collection":[{"href":"http:\/\/monestrol.fr\/index.php?rest_route=\/wp\/v2\/pages"}],"about":[{"href":"http:\/\/monestrol.fr\/index.php?rest_route=\/wp\/v2\/types\/page"}],"author":[{"embeddable":true,"href":"http:\/\/monestrol.fr\/index.php?rest_route=\/wp\/v2\/users\/1"}],"replies":[{"embeddable":true,"href":"http:\/\/monestrol.fr\/index.php?rest_route=%2Fwp%2Fv2%2Fcomments&post=76"}],"version-history":[{"count":7,"href":"http:\/\/monestrol.fr\/index.php?rest_route=\/wp\/v2\/pages\/76\/revisions"}],"predecessor-version":[{"id":326,"href":"http:\/\/monestrol.fr\/index.php?rest_route=\/wp\/v2\/pages\/76\/revisions\/326"}],"up":[{"embeddable":true,"href":"http:\/\/monestrol.fr\/index.php?rest_route=\/wp\/v2\/pages\/68"}],"wp:featuredmedia":[{"embeddable":true,"href":"http:\/\/monestrol.fr\/index.php?rest_route=\/wp\/v2\/media\/159"}],"wp:attachment":[{"href":"http:\/\/monestrol.fr\/index.php?rest_route=%2Fwp%2Fv2%2Fmedia&parent=76"}],"curies":[{"name":"wp","href":"https:\/\/api.w.org\/{rel}","templated":true}]}}